{"id":399,"date":"2018-08-27T06:49:56","date_gmt":"2018-08-27T06:49:56","guid":{"rendered":"http:\/\/rarathemesdemo.com\/pranayama-yoga-pro\/?page_id=399"},"modified":"2018-08-27T06:49:56","modified_gmt":"2018-08-27T06:49:56","slug":"full-width","status":"publish","type":"page","link":"https:\/\/goldcoast-it.net\/site\/pranayama-yoga\/full-width\/","title":{"rendered":"Full Width"},"content":{"rendered":"<p>A hairstyle, hairdo, or haircut refers to the styling of hair, usually on the human scalp. Sometimes, this could also mean an editing of beard hair.The fashioning of hair can be considered an aspect of personal grooming, fashion, and cosmetics, although practical, cultural, and popular considerations also influence some hairstyles. The oldest known depiction of hair braiding dates back about 30,000 years.<\/p>\n<p><img loading=\"lazy\" decoding=\"async\" class=\"size-medium wp-image-243 alignleft\" src=\"data:image\/gif;base64,R0lGODlhAQABAAAAACH5BAEKAAEALAAAAAABAAEAAAICTAEAOw==\" data-layzr=\"http:\/\/rarathemesdemo.com\/pranayama-yoga-pro\/wp-content\/uploads\/sites\/75\/2018\/08\/pexels-photo-206481-1-300x200.jpeg\" alt=\"\" width=\"300\" height=\"200\" \/>The beginning in Europe of continual and increasingly rapid change in clothing styles can be fairly reliably dated. Historians, including James Laver and Fernand Braudel, date the start of Western fashion in clothing to the middle of the 14th century,though it should be noted that they tend to rely heavily on contemporary imagery and illuminated manuscripts were not common before the fourteenth century.<\/p>\n<p>The most dramatic early change in fashion was a sudden drastic shortening and tightening of the male over-garment from calf-length to barely covering the buttocks, sometimes accompanied with stuffing in the chest to make it look bigger. This created the distinctive Western outline of a tailored top worn over leggings or trousers.<\/p>\n<p>In many cultures, often for religious reasons, women\u2019s hair is covered while in public, and in some, such as Haredi Judaism or European Orthodox communities.Women\u2019s hair is shaved or cut very short, and covered with wigs. Only since the end of World War I have women begun to wear their hair short and in fairly natural styles.In both the 1960s and 1970s many men and women wore their hair very long.<\/p>\n<p>Hairstyles are markers and signifiers of social class, age, marital status, racial identification, political beliefs, and attitudes about gender. In many cultures, often for religious reasons, women\u2019s hair is covered while in public, and in some, such as Haredi Judaism or European Orthodox communities, women\u2019s hair is shaved or cut very short, and covered with wigs. Only since the end of World War I have women begun to wear their hair short and in fairly natural styles. In both the 1960s and 1970s many men and women wore their hair very long and straight.In the 1980<\/p>\n<blockquote><p>The greatest gift of life is friendship, and I have received it.<br \/>\n<cite>\u2013 Hubert H. Humphrey<\/cite><\/p><\/blockquote>\n<p>&nbsp;<\/p>\n<p><img loading=\"lazy\" decoding=\"async\" class=\"size-medium wp-image-255 alignright\" src=\"data:image\/gif;base64,R0lGODlhAQABAAAAACH5BAEKAAEALAAAAAABAAEAAAICTAEAOw==\" data-layzr=\"http:\/\/rarathemesdemo.com\/pranayama-yoga-pro\/wp-content\/uploads\/sites\/75\/2018\/08\/woman-1456950_1920-1-300x225.jpg\" alt=\"\" width=\"300\" height=\"225\" \/>In the early 17th century male hairstyles grew longer, with waves or curls being considered desirable. In the later half.Hairstyles are markers and signifiers of social class, age, marital status, racial identification, political beliefs, and attitudes about gender. In many cultures, often for religious reasons, women\u2019s hair is covered while in public, and in some, such as Haredi Judaism or European Orthodox communities, women\u2019s hair is shaved or cut very short, and covered with wigs.Only since the end of World War I have women begun to wear their hair short and in fairly natural styles. In both the 1960s and 1970s many men and women wore their hair very long.<\/p>\n<p>Fashion is a popular style or practice, especially in clothing, footwear, accessories, makeup, hairstyle and body. Fashion is a distinctive and often constant trend in the style in which a person dresses. It is the prevailing styles in behavior and the newest creations of textile designers. Because the more technical term costume is regularly linked to the term \u201cfashion\u201d, the use of the former has been relegated to special senses like fancy dress or masquerade wear, while \u201cfashion\u201d generally means clothing, including the study of it. Although aspects of fashion can be feminine or masculine, some trends are androgynous.<\/p>\n<h2>Style Guide<\/h2>\n<p>In Imperial Rome, women wore their hair in complicated styles. From the time of the Roman Empire until the Middle Ages, most women grew their hair as long as it would naturally grow.<\/p>\n<blockquote><p>The greatest gift of life is friendship, and I have received it.<\/p>\n<p><cite>\u2013 Hubert H. Humphrey<\/cite><\/p><\/blockquote>\n<p><img loading=\"lazy\" decoding=\"async\" class=\"size-medium wp-image-197 alignleft\" src=\"data:image\/gif;base64,R0lGODlhAQABAAAAACH5BAEKAAEALAAAAAABAAEAAAICTAEAOw==\" data-layzr=\"http:\/\/rarathemesdemo.com\/pranayama-yoga-pro\/wp-content\/uploads\/sites\/75\/2018\/08\/woman-865021_1920-1-300x200.jpg\" alt=\"\" width=\"300\" height=\"200\" \/>Hairstyles are markers and signifiers of social class, age, marital status, racial identification, political beliefs, and attitudes about gender. In many cultures, often for religious reasons, women\u2019s hair is covered while in public, and in some, such as Haredi Judaism or European Orthodox communities, women\u2019s hair is shaved or cut very short, and covered with wigs. Only since the end of World War I have women begun to wear their hair short and in fairly natural styles.In both the 1960s and 1970s many men and women wore their hair very long and straight.In the 1980s. Hairstyles are markers and signifiers of social class, age, marital status, racial identification, political beliefs, and attitudes about gender.<\/p>\n<p>In many cultures, often for religious reasons, women\u2019s hair is covered while in public, and in some, such as Haredi Judaism or European Orthodox communities. Women\u2019s hair is shaved or cut very short, and covered with wigs. Only since the end of World War I have women begun to wear their hair short and in fairly natural styles. In both the 1960s and 1970s many men and women wore their hair very long.<\/p>\n<p>In many cultures, often for religious reasons, women\u2019s hair is covered while in public, and in some, such as Haredi Judaism or European Orthodox communities. Women\u2019s hair is shaved or cut very short, and covered with wigs. Only since the end of World War I have women begun to wear their hair short and in fairly natural styles. In both the 1960s and 1970s many men and women wore their hair very long.<\/p>\n<p><span class=\"pull-left\">The greatest gift of life is love and I have received it.<\/span><\/p>\n<p>Fashion is a popular style or practice, especially in clothing, footwear, accessories, makeup, hairstyle and body. Fashion is a distinctive and often constant trend in the style in which a person dresses. It is the prevailing styles in behavior and the newest creations of textile designers. Because the more technical term costume is regularly linked to the term \u201cfashion\u201d, the use of the former has been relegated to special senses like fancy dress or masquerade wear, while \u201cfashion\u201d generally means clothing, including the study of it. Although aspects of fashion can be feminine or masculine, some trends are androgynous.<\/p>\n<p><span class=\"pull-right\">The greatest gift of life is love and I have received it.<\/span><\/p>\n<p>Fashion is a popular style or practice, especially in clothing, footwear, accessories, makeup, hairstyle and body. Fashion is a distinctive and often constant trend in the style in which a person dresses. It is the prevailing styles in behavior and the newest creations of textile designers. Because the more technical term costume is regularly linked to the term \u201cfashion\u201d, the use of the former has been relegated to special senses like fancy dress or masquerade wear, while \u201cfashion\u201d generally means clothing, including the study of it. Although aspects of fashion can be feminine or masculine, some trends are androgynous.<\/p>\n<h1>Heading 1<\/h1>\n<p>The notion of a global fashion industry is a product of the modern age. Prior to the mid-19th century, most clothing was custom-made. It was handmade for individuals, either as home production or on order from dressmakers and tailors. By the beginning of the 20th century\u2014with the rise of new technologies such as the sewing machine.<\/p>\n<h2>Heading 2<\/h2>\n<p>Although the fashion industry developed first in Europe and America, as of 2015, it is an international and highly globalized industry, with clothing often designed in one country, manufactured in another, and sold worldwide. For example, an American fashion company might source fabric in China and have the clothes manufactured in Vietnam, finished in Italy.<\/p>\n<h3>Heading 3<\/h3>\n<p>Shipped to a warehouse in the United States for distribution to retail outlets internationally. The fashion industry has long been one of the largest employers in the United States, and it remains so in the 21st century. However, U.S. employment declined considerably as production increasingly moved overseas, especially to China.<\/p>\n<h4>Heading 4<\/h4>\n<p>Because data on the fashion industry typically are reported for national economies and expressed in terms of the industry&#8217;s many separate sectors, aggregate figures for world production of textiles and clothing are difficult to obtain. However, by any measure, the clothing industry accounts for a significant share of world economic output. The fashion industry consists of four levels.<\/p>\n<h5>Heading 5<\/h5>\n<p>These levels consist of many separate but interdependent sectors. These sectors are Textile Design and Production, Fashion Design and Manufacturing, Fashion Retailing, Marketing and Merchandising, Fashion Shows, and Media and Marketing. Each sector is devoted to the goal of satisfying consumer demand for apparel under conditions that enable participants in the industry to operate at a profit.<sup id=\"cite_ref-27\" class=\"reference\"><\/sup><\/p>\n<h6>Heading 6<\/h6>\n<p>These levels consist of many separate but interdependent sectors. These sectors are Textile Design and Production, Fashion Design and Manufacturing, Fashion Retailing, Marketing and Merchandising, Fashion Shows, and Media and Marketing. Each sector is devoted to the goal of satisfying consumer demand for apparel under conditions that enable participants in the industry to operate at a profit.<\/p>\n<h4>Code Formattingh<\/h4>\n<pre>pre {\n    position: relative;\n    background: #f7f7f7;\n    font-family: \"Courier 10 Pitch\", Courier, monospace;\n    font-size: 15px;\n    font-size: 1.5rem;\n    line-height: 1.6;\n    margin-bottom: 1.6em;\n    padding: 1.6em;\n    overflow: auto;\n    max-width: 100%;\n    tab-size: 4;\n}\n<\/pre>\n<h4>Text Highlight Style<\/h4>\n<p>Nam non facilisis justo, a molestie metus. <span class=\"highlight\">Morbi vehicula urna in fermentum congue. Sed volutpat lacus<\/span> quis justo finibus congue. Curabitur in leo nibh. Quisque a scelerisque metus.<\/p>\n<h4>Table Styles<\/h4>\n<table>\n<thead>\n<tr>\n<th>Beatle<\/th>\n<th>Instrument<\/th>\n<th>Song<\/th>\n<\/tr>\n<\/thead>\n<tbody>\n<tr>\n<td>John Lennon<\/td>\n<td>Guitar<\/td>\n<td>A Day In the Life<\/td>\n<\/tr>\n<tr>\n<td>George Harrison<\/td>\n<td>Guitar<\/td>\n<td>Old Brown Shoe<\/td>\n<\/tr>\n<tr>\n<td>Paul McCartney<\/td>\n<td>Bass<\/td>\n<td>Helter Skelter<\/td>\n<\/tr>\n<tr>\n<td>Ringo Starr<\/td>\n<td>Drums<\/td>\n<td>Don\u2019t Pass Me By<\/td>\n<\/tr>\n<\/tbody>\n<\/table>\n<h4>Mixed List Items<\/h4>\n<ul>\n<li>Unordered list item one<\/li>\n<li>Unordered list item two\n<ol>\n<li>Ordered list item one<\/li>\n<li>Ordered list item two\n<ul>\n<li>Unordered list item one<\/li>\n<li>Unordered list item two\n<ol>\n<li>Ordered list item one<\/li>\n<li>Ordered list item two<\/li>\n<li>Ordered list item three<\/li>\n<\/ol>\n<\/li>\n<li>Unordered list item three<\/li>\n<\/ul>\n<\/li>\n<li>Ordered list item three<\/li>\n<\/ol>\n<\/li>\n<li>Unordered list item three<\/li>\n<\/ul>\n<h2>\u0540\u0561\u0575\u0565\u0580\u0565\u0576<\/h2>\n<p>Lorem Ipsum-\u0568 \u057f\u057a\u0561\u0563\u0580\u0578\u0582\u0569\u0575\u0561\u0576 \u0587 \u057f\u057a\u0561\u0563\u0580\u0561\u056f\u0561\u0576 \u0561\u0580\u0564\u0575\u0578\u0582\u0576\u0561\u0562\u0565\u0580\u0578\u0582\u0569\u0575\u0561\u0576 \u0570\u0561\u0574\u0561\u0580 \u0576\u0561\u056d\u0561\u057f\u0565\u057d\u057e\u0561\u056e \u0574\u0578\u0564\u0565\u056c\u0561\u0575\u056b\u0576 \u057f\u0565\u0584\u057d\u057f \u0567: \u054d\u056f\u057d\u0561\u056e 1500-\u0561\u056f\u0561\u0576\u0576\u0565\u0580\u056b\u0581` Lorem Ipsum-\u0568 \u0570\u0561\u0576\u0564\u056b\u057d\u0561\u0581\u0565\u056c \u0567 \u057f\u057a\u0561\u0563\u0580\u0561\u056f\u0561\u0576 \u0561\u0580\u0564\u0575\u0578\u0582\u0576\u0561\u0562\u0565\u0580\u0578\u0582\u0569\u0575\u0561\u0576 \u057d\u057f\u0561\u0576\u0564\u0561\u0580\u057f \u0574\u0578\u0564\u0565\u056c\u0561\u0575\u056b\u0576 \u057f\u0565\u0584\u057d\u057f, \u056b\u0576\u0579\u0568 \u0574\u056b \u0561\u0576\u0570\u0561\u0575\u057f \u057f\u057a\u0561\u0563\u0580\u056b\u0579\u056b \u056f\u0578\u0572\u0574\u056b\u0581 \u057f\u0561\u0580\u0562\u0565\u0580 \u057f\u0561\u057c\u0561\u057f\u0565\u057d\u0561\u056f\u0576\u0565\u0580\u056b \u0585\u0580\u056b\u0576\u0561\u056f\u0576\u0565\u0580\u056b \u0563\u056b\u0580\u0584 \u057d\u057f\u0565\u0572\u056e\u0565\u056c\u0578\u0582 \u057b\u0561\u0576\u0584\u0565\u0580\u056b \u0561\u0580\u0564\u0575\u0578\u0582\u0576\u0584 \u0567: \u0531\u0575\u057d \u057f\u0565\u0584\u057d\u057f\u0568 \u0578\u0579 \u0574\u056b\u0561\u0575\u0576 \u056f\u0561\u0580\u0578\u0572\u0561\u0581\u0565\u056c \u0567 \u0563\u0578\u0575\u0561\u057f\u0587\u0565\u056c \u0570\u056b\u0576\u0563 \u0564\u0561\u0580\u0561\u0577\u0580\u057b\u0561\u0576, \u0561\u0575\u056c\u0587 \u0576\u0565\u0580\u0561\u057c\u057e\u0565\u056c \u0567 \u0567\u056c\u0565\u056f\u057f\u0580\u0578\u0576\u0561\u0575\u056b\u0576 \u057f\u057a\u0561\u0563\u0580\u0578\u0582\u0569\u0575\u0561\u0576 \u0574\u0565\u057b` \u0574\u0576\u0561\u056c\u0578\u057e \u0567\u0561\u057a\u0565\u057d \u0561\u0576\u0583\u0578\u0583\u0578\u056d: \u0531\u0575\u0576 \u0570\u0561\u0575\u057f\u0576\u056b \u0567 \u0564\u0561\u0580\u0571\u0565\u056c 1960-\u0561\u056f\u0561\u0576\u0576\u0565\u0580\u056b\u0576 Lorem Ipsum \u0562\u0578\u057e\u0561\u0576\u0564\u0561\u056f\u0578\u0572 Letraset \u0567\u057b\u0565\u0580\u056b \u0569\u0578\u0572\u0561\u0580\u056f\u0574\u0561\u0576 \u0561\u0580\u0564\u0575\u0578\u0582\u0576\u0584\u0578\u0582\u0574, \u056b\u057d\u056f \u0561\u057e\u0565\u056c\u056b \u0578\u0582\u0577 \u0570\u0561\u0574\u0561\u056f\u0561\u0580\u0563\u0579\u0561\u0575\u056b\u0576 \u057f\u057a\u0561\u0563\u0580\u0578\u0582\u0569\u0575\u0561\u0576 \u0561\u0575\u0576\u057a\u056b\u057d\u056b \u056e\u0580\u0561\u0563\u0580\u0565\u0580\u056b \u0569\u0578\u0572\u0561\u0580\u056f\u0574\u0561\u0576 \u0570\u0565\u057f\u0587\u0561\u0576\u0584\u0578\u057e, \u056b\u0576\u0579\u057a\u056b\u057d\u056b\u0576 \u0567 Aldus PageMaker-\u0568, \u0578\u0580\u0568 \u0576\u0565\u0580\u0561\u057c\u0578\u0582\u0574 \u0567 Lorem Ipsum-\u056b \u057f\u0561\u0580\u0561\u057f\u0565\u057d\u0561\u056f\u0576\u0565\u0580:<\/p>\n<h2>\u0411\u044a\u043b\u0433\u0430\u0440\u0441\u043a\u0438<\/h2>\n<p>Lorem Ipsum \u0435 \u0435\u043b\u0435\u043c\u0435\u043d\u0442\u0430\u0440\u0435\u043d \u043f\u0440\u0438\u043c\u0435\u0440\u0435\u043d \u0442\u0435\u043a\u0441\u0442, \u0438\u0437\u043f\u043e\u043b\u0437\u0432\u0430\u043d \u0432 \u043f\u0435\u0447\u0430\u0442\u0430\u0440\u0441\u043a\u0430\u0442\u0430 \u0438 \u0442\u0438\u043f\u043e\u0433\u0440\u0430\u0444\u0441\u043a\u0430\u0442\u0430 \u0438\u043d\u0434\u0443\u0441\u0442\u0440\u0438\u044f. Lorem Ipsum \u0435 \u0438\u043d\u0434\u0443\u0441\u0442\u0440\u0438\u0430\u043b\u0435\u043d \u0441\u0442\u0430\u043d\u0434\u0430\u0440\u0442 \u043e\u0442 \u043e\u043a\u043e\u043b\u043e 1500 \u0433\u043e\u0434\u0438\u043d\u0430, \u043a\u043e\u0433\u0430\u0442\u043e \u043d\u0435\u0438\u0437\u0432\u0435\u0441\u0442\u0435\u043d \u043f\u0435\u0447\u0430\u0442\u0430\u0440 \u0432\u0437\u0435\u043c\u0430 \u043d\u044f\u043a\u043e\u043b\u043a\u043e \u043f\u0435\u0447\u0430\u0442\u0430\u0440\u0441\u043a\u0438 \u0431\u0443\u043a\u0432\u0438 \u0438 \u0433\u0438 \u0440\u0430\u0437\u0431\u044a\u0440\u043a\u0432\u0430, \u0437\u0430 \u0434\u0430 \u043d\u0430\u043f\u0435\u0447\u0430\u0442\u0430 \u0441 \u0442\u044f\u0445 \u043a\u043d\u0438\u0433\u0430 \u0441 \u043f\u0440\u0438\u043c\u0435\u0440\u043d\u0438 \u0448\u0440\u0438\u0444\u0442\u043e\u0432\u0435. \u0422\u043e\u0437\u0438 \u043d\u0430\u0447\u0438\u043d \u043d\u0435 \u0441\u0430\u043c\u043e \u0435 \u043e\u0446\u0435\u043b\u044f\u043b \u043f\u043e\u0432\u0435\u0447\u0435 \u043e\u0442 5 \u0432\u0435\u043a\u0430, \u043d\u043e \u0435 \u043d\u0430\u0432\u043b\u044f\u0437\u044a\u043b \u0438 \u0432 \u043f\u0443\u0431\u043b\u0438\u043a\u0443\u0432\u0430\u043d\u0435\u0442\u043e \u043d\u0430 \u0435\u043b\u0435\u043a\u0442\u0440\u043e\u043d\u043d\u0438 \u0438\u0437\u0434\u0430\u043d\u0438\u044f \u043a\u0430\u0442\u043e \u0435 \u0437\u0430\u043f\u0430\u0437\u0435\u043d \u043f\u043e\u0447\u0442\u0438 \u0431\u0435\u0437 \u043f\u0440\u043e\u043c\u044f\u043d\u0430. \u041f\u043e\u043f\u0443\u043b\u044f\u0440\u0438\u0437\u0438\u0440\u0430\u043d \u0435 \u043f\u0440\u0435\u0437 60\u0442\u0435 \u0433\u043e\u0434\u0438\u043d\u0438 \u043d\u0430 20\u0442\u0438 \u0432\u0435\u043a \u0441\u044a\u0441 \u0438\u0437\u0434\u0430\u0432\u0430\u043d\u0435\u0442\u043e \u043d\u0430 Letraset \u043b\u0438\u0441\u0442\u0438, \u0441\u044a\u0434\u044a\u0440\u0436\u0430\u0449\u0438 Lorem Ipsum \u043f\u0430\u0441\u0430\u0436\u0438, \u043f\u043e\u043f\u0443\u043b\u044f\u0440\u0435\u043d \u0435 \u0438 \u0432 \u043d\u0430\u0448\u0438 \u0434\u043d\u0438 \u0432\u044a\u0432 \u0441\u043e\u0444\u0442\u0443\u0435\u0440 \u0437\u0430 \u043f\u0435\u0447\u0430\u0442\u043d\u0438 \u0438\u0437\u0434\u0430\u043d\u0438\u044f \u043a\u0430\u0442\u043e Aldus PageMaker, \u043a\u043e\u0439\u0442\u043e \u0432\u043a\u043b\u044e\u0447\u0432\u0430 \u0440\u0430\u0437\u043b\u0438\u0447\u043d\u0438 \u0432\u0435\u0440\u0441\u0438\u0438 \u043d\u0430 Lorem Ipsum.<\/p>\n<h2>Catal\u00e0<\/h2>\n<p>Lorem Ipsum \u00e9s un text de farciment usat per la ind\u00fastria de la tipografia i la impremta. Lorem Ipsum ha estat el text est\u00e0ndard de la ind\u00fastria des de l\u2019any 1500, quan un impressor desconegut va fer servir una galerada de text i la va mesclar per crear un llibre de mostres tipogr\u00e0fiques. No nom\u00e9s ha sobreviscut cinc segles, sin\u00f3 que ha fet el salt cap a la creaci\u00f3 de tipus de lletra electr\u00f2nics, romanent essencialment sense canvis. Es va popularitzar l\u2019any 1960 amb el llan\u00e7ament de fulls Letraset que contenien passatges de Lorem Ipsum, i m\u00e9s recentment amb programari d\u2019autoedici\u00f3 com Aldus Pagemaker que inclou versions de Lorem Ipsum.<\/p>\n<h2>Hrvatski<\/h2>\n<p>Lorem Ipsum je jednostavno probni tekst koji se koristi u tiskarskoj i slovoslagarskoj industriji. Lorem Ipsum postoji kao industrijski standard jo\u0161 od 16-og stolje\u0107a, kada je nepoznati tiskar uzeo tiskarsku galiju slova i poslo\u017eio ih da bi napravio knjigu s uzorkom tiska. Taj je tekst ne samo pre\u017eivio pet stolje\u0107a, ve\u0107 se i vinuo u svijet elektronskog slovoslagarstva, ostaju\u0107i u su\u0161tini nepromijenjen. Postao je popularan tijekom 1960-ih s pojavom Letraset listova s odlomcima Lorem Ipsum-a, a u skorije vrijeme sa software-om za stolno izdava\u0161tvo kao \u0161to je Aldus PageMaker koji tako\u0111er sadr\u017ei varijante Lorem Ipsum-a.<\/p>\n<h2>\u010cesky<\/h2>\n<p>Lorem Ipsum je demonstrativn\u00ed v\u00fdpl\u0148ov\u00fd text pou\u017e\u00edvan\u00fd v tiska\u0159sk\u00e9m a kniha\u0159sk\u00e9m pr\u016fmyslu. Lorem Ipsum je pova\u017eov\u00e1no za standard v t\u00e9to oblasti u\u017e od za\u010d\u00e1tku 16. stolet\u00ed, kdy dnes nezn\u00e1m\u00fd tiska\u0159 vzal kusy textu a na jejich z\u00e1klad\u011b vytvo\u0159il speci\u00e1ln\u00ed vzorovou knihu. Jeho odkaz nevydr\u017eel pouze p\u011bt stolet\u00ed, on p\u0159e\u017eil i n\u00e1stup elektronick\u00e9 sazby v podstat\u011b beze zm\u011bny. Nejv\u00edce popularizov\u00e1no bylo Lorem Ipsum v \u0161edes\u00e1t\u00fdch letech 20. stolet\u00ed, kdy byly vyd\u00e1v\u00e1ny speci\u00e1ln\u00ed vzorn\u00edky s jeho pas\u00e1\u017eemi a pozd\u011bji pak d\u00edky po\u010d\u00edta\u010dov\u00fdm DTP program\u016fm jako Aldus PageMaker.<\/p>\n<h2>Rom\u00e2na<\/h2>\n<p>Lorem Ipsum este pur \u015fi simplu o machet\u0103 pentru text a industriei tipografice. Lorem Ipsum a fost macheta standard a industriei \u00eenc\u0103 din secolul al XVI-lea, c\u00e2nd un tipograf anonim a luat o plan\u015fet\u0103 de litere \u015fi le-a amestecat pentru a crea o carte demonstrativ\u0103 pentru literele respective. Nu doar c\u0103 a supravie\u0163uit timp de cinci secole, dar \u015fi a facut saltul \u00een tipografia electronic\u0103 practic neschimbat\u0103. A fost popularizat\u0103 \u00een anii \u201960 odat\u0103 cu ie\u015firea colilor Letraset care con\u0163ineau pasaje Lorem Ipsum, iar mai recent, prin programele de publicare pentru calculator, ca Aldus PageMaker care includeau versiuni de Lorem Ipsum.<\/p>\n<h2>\u0421\u0440\u043f\u0441\u043a\u0438<\/h2>\n<p>Lorem Ipsum \u0458\u0435 \u0458\u0435\u0434\u043d\u043e\u0441\u0442\u0430\u0432\u043d\u043e \u043c\u043e\u0434\u0435\u043b \u0442\u0435\u043a\u0441\u0442\u0430 \u043a\u043e\u0458\u0438 \u0441\u0435 \u043a\u043e\u0440\u0438\u0441\u0442\u0438 \u0443 \u0448\u0442\u0430\u043c\u043f\u0430\u0440\u0441\u043a\u043e\u0458 \u0438 \u0441\u043b\u043e\u0432\u043e\u0441\u043b\u0430\u0433\u0430\u0447\u043a\u043e\u0458 \u0438\u043d\u0434\u0443\u0441\u0442\u0440\u0438\u0458\u0438. Lorem ipsum \u0458\u0435 \u0431\u0438\u043e \u0441\u0442\u0430\u043d\u0434\u0430\u0440\u0434 \u0437\u0430 \u043c\u043e\u0434\u0435\u043b \u0442\u0435\u043a\u0441\u0442\u0430 \u0458\u043e\u0448 \u043e\u0434 1500. \u0433\u043e\u0434\u0438\u043d\u0435, \u043a\u0430\u0434\u0430 \u0458\u0435 \u043d\u0435\u043f\u043e\u0437\u043d\u0430\u0442\u0438 \u0448\u0442\u0430\u043c\u043f\u0430\u0440 \u0443\u0437\u0435\u043e \u043a\u0443\u0442\u0438\u0458\u0443 \u0441\u0430 \u0441\u043b\u043e\u0432\u0438\u043c\u0430 \u0438 \u0441\u043b\u043e\u0436\u0438\u043e \u0438\u0445 \u043a\u0430\u043a\u043e \u0431\u0438 \u043d\u0430\u043f\u0440\u0430\u0432\u0438\u043e \u0443\u0437\u043e\u0440\u0430\u043a \u043a\u045a\u0438\u0433\u0435. \u041d\u0435 \u0441\u0430\u043c\u043e \u0448\u0442\u043e \u0458\u0435 \u043e\u0432\u0430\u0458 \u043c\u043e\u0434\u0435\u043b \u043e\u043f\u0441\u0442\u0430\u043e \u043f\u0435\u0442 \u0432\u0435\u043a\u043e\u0432\u0430, \u043d\u0435\u0433\u043e \u0458\u0435 \u0447\u0430\u043a \u043f\u043e\u0447\u0435\u043e \u0434\u0430 \u0441\u0435 \u043a\u043e\u0440\u0438\u0441\u0442\u0438 \u0438 \u0443 \u0435\u043b\u0435\u043a\u0442\u0440\u043e\u043d\u0441\u043a\u0438\u043c \u043c\u0435\u0434\u0438\u0458\u0438\u043c\u0430, \u043d\u0435\u043f\u0440\u043e\u043c\u0435\u043d\u0438\u0432\u0448\u0438 \u0441\u0435. \u041f\u043e\u043f\u0443\u043b\u0430\u0440\u0438\u0437\u043e\u0432\u0430\u043d \u0458\u0435 \u0448\u0435\u0437\u0434\u0435\u0441\u0435\u0442\u0438\u0445 \u0433\u043e\u0434\u0438\u043d\u0430 \u0434\u0432\u0430\u0434\u0435\u0441\u0435\u0442\u043e\u0433 \u0432\u0435\u043a\u0430 \u0437\u0430\u0458\u0435\u0434\u043d\u043e \u0441\u0430 \u043b\u0438\u0441\u0442\u043e\u0432\u0438\u043c\u0430 \u043b\u0435\u0442\u0435\u0440\u0441\u0435\u0442\u0430 \u043a\u043e\u0458\u0438 \u0441\u0443 \u0441\u0430\u0434\u0440\u0436\u0430\u043b\u0438 Lorem Ipsum \u043f\u0430\u0441\u0443\u0441\u0435, \u0430 \u0434\u0430\u043d\u0430\u0441 \u0441\u0430 \u0441\u043e\u0444\u0442\u0432\u0435\u0440\u0441\u043a\u0438\u043c \u043f\u0430\u043a\u0435\u0442\u043e\u043c \u0437\u0430 \u043f\u0440\u0435\u043b\u043e\u043c \u043a\u0430\u043e \u0448\u0442\u043e \u0458\u0435 Aldus PageMaker \u043a\u043e\u0458\u0438 \u0458\u0435 \u0441\u0430\u0434\u0440\u0436\u0430\u043e Lorem Ipsum \u0432\u0435\u0440\u0437\u0438\u0458\u0435.<\/p>\n","protected":false},"excerpt":{"rendered":"<p>A hairstyle, hairdo, or haircut refers to the styling of hair, usually on the human scalp. Sometimes, this could also mean an editing of beard hair.The fashioning of hair can be considered an aspect of personal grooming, fashion, and cosmetics, although practical, cultural, and popular considerations also influence some hairstyles. The oldest known depiction of &hellip; <\/p>\n","protected":false},"author":1,"featured_media":165,"parent":0,"menu_order":0,"comment_status":"closed","ping_status":"closed","template":"","meta":{"footnotes":""},"class_list":["post-399","page","type-page","status-publish","has-post-thumbnail","hentry","latest_post"],"_links":{"self":[{"href":"https:\/\/goldcoast-it.net\/site\/pranayama-yoga\/wp-json\/wp\/v2\/pages\/399","targetHints":{"allow":["GET"]}}],"collection":[{"href":"https:\/\/goldcoast-it.net\/site\/pranayama-yoga\/wp-json\/wp\/v2\/pages"}],"about":[{"href":"https:\/\/goldcoast-it.net\/site\/pranayama-yoga\/wp-json\/wp\/v2\/types\/page"}],"author":[{"embeddable":true,"href":"https:\/\/goldcoast-it.net\/site\/pranayama-yoga\/wp-json\/wp\/v2\/users\/1"}],"replies":[{"embeddable":true,"href":"https:\/\/goldcoast-it.net\/site\/pranayama-yoga\/wp-json\/wp\/v2\/comments?post=399"}],"version-history":[{"count":0,"href":"https:\/\/goldcoast-it.net\/site\/pranayama-yoga\/wp-json\/wp\/v2\/pages\/399\/revisions"}],"wp:featuredmedia":[{"embeddable":true,"href":"https:\/\/goldcoast-it.net\/site\/pranayama-yoga\/wp-json\/wp\/v2\/media\/165"}],"wp:attachment":[{"href":"https:\/\/goldcoast-it.net\/site\/pranayama-yoga\/wp-json\/wp\/v2\/media?parent=399"}],"curies":[{"name":"wp","href":"https:\/\/api.w.org\/{rel}","templated":true}]}}